{"id":3116,"date":"2023-12-04T19:41:28","date_gmt":"2023-12-04T19:41:28","guid":{"rendered":"http:\/\/localhost\/Stanford%20Publishing%20Web\/?page_id=3116"},"modified":"2023-12-18T18:40:52","modified_gmt":"2023-12-18T18:40:52","slug":"politica-de-privacidad","status":"publish","type":"page","link":"https:\/\/stanfordpublishing.com.mx\/index.php\/politica-de-privacidad\/","title":{"rendered":"Pol\u00edtica de privacidad"},"content":{"rendered":"\t\t<div data-elementor-type=\"wp-page\" data-elementor-id=\"3116\" class=\"elementor elementor-3116\">\n\t\t\t\t<div class=\"elementor-element elementor-element-dd37de0 e-flex e-con-boxed wpr-particle-no wpr-jarallax-no wpr-parallax-no wpr-sticky-section-no e-con e-parent\" data-id=\"dd37de0\" data-element_type=\"container\" data-e-type=\"container\">\n\t\t\t\t\t<div class=\"e-con-inner\">\n\t\t\t\t<div class=\"elementor-element elementor-element-709efa4 elementor-widget__width-initial elementor-widget elementor-widget-image\" data-id=\"709efa4\" data-element_type=\"widget\" data-e-type=\"widget\" data-widget_type=\"image.default\">\n\t\t\t\t<div class=\"elementor-widget-container\">\n\t\t\t\t\t\t\t\t\t\t\t\t\t\t\t<img fetchpriority=\"high\" decoding=\"async\" width=\"839\" height=\"319\" src=\"https:\/\/stanfordpublishing.com.mx\/wp-content\/uploads\/2023\/07\/logo-stanford-publishing.png\" class=\"attachment-large size-large wp-image-2679\" alt=\"\" \/>\t\t\t\t\t\t\t\t\t\t\t\t\t\t\t<\/div>\n\t\t\t\t<\/div>\n\t\t\t\t<div class=\"elementor-element elementor-element-ce9b2ba elementor-widget elementor-widget-heading\" data-id=\"ce9b2ba\" data-element_type=\"widget\" data-e-type=\"widget\" data-widget_type=\"heading.default\">\n\t\t\t\t<div class=\"elementor-widget-container\">\n\t\t\t\t\t<h2 class=\"elementor-heading-title elementor-size-default\"><br>Aviso de privacidad<br><\/h2>\t\t\t\t<\/div>\n\t\t\t\t<\/div>\n\t\t\t\t<div class=\"elementor-element elementor-element-930301b contenedor-aviso-privacidad elementor-widget elementor-widget-text-editor\" data-id=\"930301b\" data-element_type=\"widget\" data-e-type=\"widget\" data-widget_type=\"text-editor.default\">\n\t\t\t\t<div class=\"elementor-widget-container\">\n\t\t\t\t\t\t\t\t\t<p>En la editorial Stanford Publishing con domicilio en Jos\u00e9 Blas Abadiano #206, Colonia Ilustres Novohispanos y c\u00f3digo postal 58226, Morelia, Michoac\u00e1n, sabemos que le importa su informaci\u00f3n personal y el uso que hacemos de ella, en el cumplimiento con la Ley Federal de Protecci\u00f3n de Datos Personales en Posesi\u00f3n de los Particulares, ponemos a su disposici\u00f3n nuestro Aviso de Privacidad en la que hacemos de su conocimiento el manejo que se le dar\u00e1 a la informaci\u00f3n proporcionada de manera voluntaria por usted en los formularios de contacto y registro de docentes.<\/p><p><b>\u00bfPara qu\u00e9 fines utilizaremos sus datos personales?<\/b><\/p><p>Los datos personales recabados, como de identificaci\u00f3n e informaci\u00f3n de contacto, ser\u00e1n utilizados para otorgarle el servicio que voluntariamente nos haya solicitado, con ellos ser\u00e1 posible contactarle y\/o canalizarle con el departamento adecuado.<\/p><p>La informaci\u00f3n otorgada por docentes en la secci\u00f3n de Recursos Digitales, mediante el formulario de registro, ser\u00e1 utilizada para mantener el control y registro de los docentes que hayan adquirido textos en la editorial Stanford Publishing y mediante el cual se dar\u00e1 acceso para consulta y descarga de recursos digitales acorde al material adquirido.<\/p><p><b>\u00bfD\u00f3nde puedo consultar el aviso de privacidad integral?<\/b><\/p><p>Para conocer mayor informaci\u00f3n sobre los t\u00e9rminos y condiciones en que ser\u00e1n tratados sus datos personales y la forma en que podr\u00e1 ejercer tus derechos ARCO, puedes consultar <a href=\"https:\/\/stanfordpublishing.com.mx\/wp-content\/uploads\/2023\/12\/Aviso-Integral-de-Privacidad-Stanford-Publishing.pdf\" target=\"_blank\" rel=\"noopener\">aqu\u00ed<\/a> el Aviso de Privacidad Integral o realizar una petici\u00f3n v\u00eda correo electr\u00f3nico a contacto@stanfordpublishing.com.mx<\/p><p>\u00a0<\/p><p>\u00daltima actualizaci\u00f3n de este Aviso de privacidad: Diciembre de 2023.<\/p>\t\t\t\t\t\t\t\t<\/div>\n\t\t\t\t<\/div>\n\t\t\t\t\t<\/div>\n\t\t\t\t<\/div>\n\t\t\t\t<\/div>\n\t\t","protected":false},"excerpt":{"rendered":"<p>Aviso de privacidad En la editorial Stanford Publishing con domicilio en Jos\u00e9 Blas Abadiano #206, Colonia Ilustres Novohispanos y c\u00f3digo postal 58226, Morelia, Michoac\u00e1n, sabemos que le importa su informaci\u00f3n personal y el uso que hacemos de ella, en el cumplimiento con la Ley Federal de Protecci\u00f3n de Datos Personales en Posesi\u00f3n de los Particulares, ponemos a su disposici\u00f3n nuestro Aviso de Privacidad en la que hacemos de su conocimiento el manejo que se le dar\u00e1 a la informaci\u00f3n proporcionada de manera voluntaria por usted en los formularios de contacto y registro de docentes. \u00bfPara qu\u00e9 fines utilizaremos sus datos personales? Los datos personales recabados, como de identificaci\u00f3n e informaci\u00f3n de contacto, ser\u00e1n utilizados para otorgarle el servicio que voluntariamente nos haya solicitado, con ellos ser\u00e1 posible contactarle y\/o canalizarle con el departamento adecuado. La informaci\u00f3n otorgada por docentes en la secci\u00f3n de Recursos Digitales, mediante el formulario de registro, ser\u00e1 utilizada para mantener el control y registro de los docentes que hayan adquirido textos en la editorial Stanford Publishing y mediante el cual se dar\u00e1 acceso para consulta y descarga de recursos digitales acorde al material adquirido. \u00bfD\u00f3nde puedo consultar el aviso de privacidad integral? Para conocer mayor informaci\u00f3n sobre los t\u00e9rminos y condiciones en que ser\u00e1n tratados sus datos personales y la forma en que podr\u00e1 ejercer tus derechos ARCO, puedes consultar aqu\u00ed el Aviso de Privacidad Integral o realizar una petici\u00f3n v\u00eda correo electr\u00f3nico a contacto@stanfordpublishing.com.mx \u00a0 \u00daltima actualizaci\u00f3n de este Aviso de privacidad: Diciembre de 2023.<\/p>\n","protected":false},"author":1,"featured_media":0,"parent":0,"menu_order":0,"comment_status":"closed","ping_status":"closed","template":"","meta":{"footnotes":""},"class_list":["post-3116","page","type-page","status-publish","hentry"],"_links":{"self":[{"href":"https:\/\/stanfordpublishing.com.mx\/index.php\/wp-json\/wp\/v2\/pages\/3116","targetHints":{"allow":["GET"]}}],"collection":[{"href":"https:\/\/stanfordpublishing.com.mx\/index.php\/wp-json\/wp\/v2\/pages"}],"about":[{"href":"https:\/\/stanfordpublishing.com.mx\/index.php\/wp-json\/wp\/v2\/types\/page"}],"author":[{"embeddable":true,"href":"https:\/\/stanfordpublishing.com.mx\/index.php\/wp-json\/wp\/v2\/users\/1"}],"replies":[{"embeddable":true,"href":"https:\/\/stanfordpublishing.com.mx\/index.php\/wp-json\/wp\/v2\/comments?post=3116"}],"version-history":[{"count":21,"href":"https:\/\/stanfordpublishing.com.mx\/index.php\/wp-json\/wp\/v2\/pages\/3116\/revisions"}],"predecessor-version":[{"id":4090,"href":"https:\/\/stanfordpublishing.com.mx\/index.php\/wp-json\/wp\/v2\/pages\/3116\/revisions\/4090"}],"wp:attachment":[{"href":"https:\/\/stanfordpublishing.com.mx\/index.php\/wp-json\/wp\/v2\/media?parent=3116"}],"curies":[{"name":"wp","href":"https:\/\/api.w.org\/{rel}","templated":true}]}}